{"id":912,"date":"2021-11-01T18:45:03","date_gmt":"2021-11-01T18:45:03","guid":{"rendered":"https:\/\/perfecttravelservices.es\/politicas-de-cookies\/"},"modified":"2021-11-08T03:14:52","modified_gmt":"2021-11-08T03:14:52","slug":"cookies-policy","status":"publish","type":"page","link":"https:\/\/perfecttravelservices.es\/en\/cookies-policy\/","title":{"rendered":"Cookies policy"},"content":{"rendered":"\n<p>USO DE COOKIES<\/p>\n\n\n\n<ol class=\"wp-block-list\"><li><strong>Uso de cookies<\/strong><br>La p\u00e1gina web <a href=\"http:\/\/www.perfecttravelservices.es\" data-type=\"URL\" data-id=\"www.perfecttravelservices.es\">www.perfecttravelservices.es<\/a> titularidad de PERFECT TRAVEL SERVICES utiliza cookies.<br>Las cookies son ficheros que se descargan en su ordenador al acceder a determinadas p\u00e1ginas web. Las<br>cookies permiten a una p\u00e1gina web, entre otras cosas, almacenar y recuperar informaci\u00f3n sobre los h\u00e1bitos<br>de navegaci\u00f3n de un usuario o de su equipo y, dependiendo de la informaci\u00f3n que contengan y de la forma<br>en que utilice su equipo. Adem\u00e1s, mejoran su proceso de navegaci\u00f3n, ya que permiten que la p\u00e1gina web<br>ofrezca al usuario informaci\u00f3n que puede ser de su inter\u00e9s en funci\u00f3n del uso que realice, del contenido de la<br>misma.<br>En caso de no querer recibir cookies, por favor, configure su navegador de internet, para que las borre del<br>disco duro de su ordenador, las bloquee o le avise en su caso de instalaci\u00f3n de las mismas. Para continuar<br>sin cambios en la configuraci\u00f3n de las cookies, simplemente, contin\u00fae en la p\u00e1gina web.<\/li><li><strong>Consentimiento<\/strong><br>Las cookies que utilizamos no almacenan dato personal alguno, ni ning\u00fan tipo de informaci\u00f3n que pueda<br>identificarle, salvo que quieran registrarse de forma voluntaria con el fin de utilizar los servicios que ponemos<br>a su disposici\u00f3n o de recibir informaci\u00f3n sobre promociones y contenidos de su inter\u00e9s.<br>Al navegar y continuar en nuestra web nos indica que est\u00e1 consintiendo el uso de las cookies antes<br>enunciadas, y en las condiciones contenidas en la presente pol\u00edtica de cookies. En caso de no estar de<br>acuerdo env\u00ede un correo electr\u00f3nico a <a href=\"mailto:info@perfecttravelservices.es\">info@perfecttravelservices.es<\/a><\/li><\/ol>\n","protected":false},"excerpt":{"rendered":"<p>USO DE COOKIES Uso de cookiesLa p\u00e1gina web www.perfecttravelservices.es titularidad de PERFECT TRAVEL SERVICES utiliza cookies.Las cookies son ficheros que se descargan en su ordenador al acceder a determinadas p\u00e1ginas web. Lascookies permiten a una p\u00e1gina web, entre otras cosas, almacenar y recuperar informaci\u00f3n sobre los h\u00e1bitosde navegaci\u00f3n de un usuario o de su equipo [&hellip;]<\/p>\n","protected":false},"author":2,"featured_media":0,"parent":0,"menu_order":0,"comment_status":"closed","ping_status":"closed","template":"","meta":{"_et_pb_use_builder":"off","_et_pb_old_content":"","_et_gb_content_width":"","_joinchat":[],"footnotes":""},"class_list":["post-912","page","type-page","status-publish","hentry"],"yoast_head":"<!-- This site is optimized with the Yoast SEO plugin v23.5 - https:\/\/yoast.com\/wordpress\/plugins\/seo\/ -->\n<title>Cookies policy | Perfect Travel Services<\/title>\n<meta name=\"robots\" content=\"index, follow, max-snippet:-1, max-image-preview:large, max-video-preview:-1\" \/>\n<link rel=\"canonical\" href=\"https:\/\/perfecttravelservices.es\/en\/cookies-policy\/\" \/>\n<meta property=\"og:locale\" content=\"en_US\" \/>\n<meta property=\"og:type\" content=\"article\" \/>\n<meta property=\"og:title\" content=\"Cookies policy | Perfect Travel Services\" \/>\n<meta property=\"og:description\" content=\"USO DE COOKIES Uso de cookiesLa p\u00e1gina web www.perfecttravelservices.es titularidad de PERFECT TRAVEL SERVICES utiliza cookies.Las cookies son ficheros que se descargan en su ordenador al acceder a determinadas p\u00e1ginas web. Lascookies permiten a una p\u00e1gina web, entre otras cosas, almacenar y recuperar informaci\u00f3n sobre los h\u00e1bitosde navegaci\u00f3n de un usuario o de su equipo [&hellip;]\" \/>\n<meta property=\"og:url\" content=\"https:\/\/perfecttravelservices.es\/en\/cookies-policy\/\" \/>\n<meta property=\"og:site_name\" content=\"Perfect Travel Services\" \/>\n<meta property=\"article:modified_time\" content=\"2021-11-08T03:14:52+00:00\" \/>\n<meta name=\"twitter:card\" content=\"summary_large_image\" \/>\n<meta name=\"twitter:label1\" content=\"Est. reading time\" \/>\n\t<meta name=\"twitter:data1\" content=\"1 minute\" \/>\n<script type=\"application\/ld+json\" class=\"yoast-schema-graph\">{\"@context\":\"https:\/\/schema.org\",\"@graph\":[{\"@type\":\"WebPage\",\"@id\":\"https:\/\/perfecttravelservices.es\/en\/cookies-policy\/\",\"url\":\"https:\/\/perfecttravelservices.es\/en\/cookies-policy\/\",\"name\":\"Cookies policy | Perfect Travel Services\",\"isPartOf\":{\"@id\":\"https:\/\/perfecttravelservices.es\/en\/#website\"},\"datePublished\":\"2021-11-01T18:45:03+00:00\",\"dateModified\":\"2021-11-08T03:14:52+00:00\",\"breadcrumb\":{\"@id\":\"https:\/\/perfecttravelservices.es\/en\/cookies-policy\/#breadcrumb\"},\"inLanguage\":\"en-US\",\"potentialAction\":[{\"@type\":\"ReadAction\",\"target\":[\"https:\/\/perfecttravelservices.es\/en\/cookies-policy\/\"]}]},{\"@type\":\"BreadcrumbList\",\"@id\":\"https:\/\/perfecttravelservices.es\/en\/cookies-policy\/#breadcrumb\",\"itemListElement\":[{\"@type\":\"ListItem\",\"position\":1,\"name\":\"Portada\",\"item\":\"https:\/\/perfecttravelservices.es\/en\/\"},{\"@type\":\"ListItem\",\"position\":2,\"name\":\"Cookies policy\"}]},{\"@type\":\"WebSite\",\"@id\":\"https:\/\/perfecttravelservices.es\/en\/#website\",\"url\":\"https:\/\/perfecttravelservices.es\/en\/\",\"name\":\"Perfect Travel Services\",\"description\":\"Outsourcing comercial con cobertura en Espa\u00f1a y Portugal de empresas tur\u00edsticas p\u00fablicas y privadas del MUNDO.\",\"publisher\":{\"@id\":\"https:\/\/perfecttravelservices.es\/en\/#organization\"},\"potentialAction\":[{\"@type\":\"SearchAction\",\"target\":{\"@type\":\"EntryPoint\",\"urlTemplate\":\"https:\/\/perfecttravelservices.es\/en\/?s={search_term_string}\"},\"query-input\":{\"@type\":\"PropertyValueSpecification\",\"valueRequired\":true,\"valueName\":\"search_term_string\"}}],\"inLanguage\":\"en-US\"},{\"@type\":\"Organization\",\"@id\":\"https:\/\/perfecttravelservices.es\/en\/#organization\",\"name\":\"Perfect Travel Services\",\"url\":\"https:\/\/perfecttravelservices.es\/en\/\",\"logo\":{\"@type\":\"ImageObject\",\"inLanguage\":\"en-US\",\"@id\":\"https:\/\/perfecttravelservices.es\/en\/#\/schema\/logo\/image\/\",\"url\":\"https:\/\/perfecttravelservices.es\/wp-content\/uploads\/2021\/10\/cropped-Logo-borrador-PTS.png\",\"contentUrl\":\"https:\/\/perfecttravelservices.es\/wp-content\/uploads\/2021\/10\/cropped-Logo-borrador-PTS.png\",\"width\":512,\"height\":512,\"caption\":\"Perfect Travel Services\"},\"image\":{\"@id\":\"https:\/\/perfecttravelservices.es\/en\/#\/schema\/logo\/image\/\"}}]}<\/script>\n<!-- \/ Yoast SEO plugin. -->","yoast_head_json":{"title":"Cookies policy | Perfect Travel Services","robots":{"index":"index","follow":"follow","max-snippet":"max-snippet:-1","max-image-preview":"max-image-preview:large","max-video-preview":"max-video-preview:-1"},"canonical":"https:\/\/perfecttravelservices.es\/en\/cookies-policy\/","og_locale":"en_US","og_type":"article","og_title":"Cookies policy | Perfect Travel Services","og_description":"USO DE COOKIES Uso de cookiesLa p\u00e1gina web www.perfecttravelservices.es titularidad de PERFECT TRAVEL SERVICES utiliza cookies.Las cookies son ficheros que se descargan en su ordenador al acceder a determinadas p\u00e1ginas web. Lascookies permiten a una p\u00e1gina web, entre otras cosas, almacenar y recuperar informaci\u00f3n sobre los h\u00e1bitosde navegaci\u00f3n de un usuario o de su equipo [&hellip;]","og_url":"https:\/\/perfecttravelservices.es\/en\/cookies-policy\/","og_site_name":"Perfect Travel Services","article_modified_time":"2021-11-08T03:14:52+00:00","twitter_card":"summary_large_image","twitter_misc":{"Est. reading time":"1 minute"},"schema":{"@context":"https:\/\/schema.org","@graph":[{"@type":"WebPage","@id":"https:\/\/perfecttravelservices.es\/en\/cookies-policy\/","url":"https:\/\/perfecttravelservices.es\/en\/cookies-policy\/","name":"Cookies policy | Perfect Travel Services","isPartOf":{"@id":"https:\/\/perfecttravelservices.es\/en\/#website"},"datePublished":"2021-11-01T18:45:03+00:00","dateModified":"2021-11-08T03:14:52+00:00","breadcrumb":{"@id":"https:\/\/perfecttravelservices.es\/en\/cookies-policy\/#breadcrumb"},"inLanguage":"en-US","potentialAction":[{"@type":"ReadAction","target":["https:\/\/perfecttravelservices.es\/en\/cookies-policy\/"]}]},{"@type":"BreadcrumbList","@id":"https:\/\/perfecttravelservices.es\/en\/cookies-policy\/#breadcrumb","itemListElement":[{"@type":"ListItem","position":1,"name":"Portada","item":"https:\/\/perfecttravelservices.es\/en\/"},{"@type":"ListItem","position":2,"name":"Cookies policy"}]},{"@type":"WebSite","@id":"https:\/\/perfecttravelservices.es\/en\/#website","url":"https:\/\/perfecttravelservices.es\/en\/","name":"Perfect Travel Services","description":"Outsourcing comercial con cobertura en Espa\u00f1a y Portugal de empresas tur\u00edsticas p\u00fablicas y privadas del MUNDO.","publisher":{"@id":"https:\/\/perfecttravelservices.es\/en\/#organization"},"potentialAction":[{"@type":"SearchAction","target":{"@type":"EntryPoint","urlTemplate":"https:\/\/perfecttravelservices.es\/en\/?s={search_term_string}"},"query-input":{"@type":"PropertyValueSpecification","valueRequired":true,"valueName":"search_term_string"}}],"inLanguage":"en-US"},{"@type":"Organization","@id":"https:\/\/perfecttravelservices.es\/en\/#organization","name":"Perfect Travel Services","url":"https:\/\/perfecttravelservices.es\/en\/","logo":{"@type":"ImageObject","inLanguage":"en-US","@id":"https:\/\/perfecttravelservices.es\/en\/#\/schema\/logo\/image\/","url":"https:\/\/perfecttravelservices.es\/wp-content\/uploads\/2021\/10\/cropped-Logo-borrador-PTS.png","contentUrl":"https:\/\/perfecttravelservices.es\/wp-content\/uploads\/2021\/10\/cropped-Logo-borrador-PTS.png","width":512,"height":512,"caption":"Perfect Travel Services"},"image":{"@id":"https:\/\/perfecttravelservices.es\/en\/#\/schema\/logo\/image\/"}}]}},"_links":{"self":[{"href":"https:\/\/perfecttravelservices.es\/en\/wp-json\/wp\/v2\/pages\/912"}],"collection":[{"href":"https:\/\/perfecttravelservices.es\/en\/wp-json\/wp\/v2\/pages"}],"about":[{"href":"https:\/\/perfecttravelservices.es\/en\/wp-json\/wp\/v2\/types\/page"}],"author":[{"embeddable":true,"href":"https:\/\/perfecttravelservices.es\/en\/wp-json\/wp\/v2\/users\/2"}],"replies":[{"embeddable":true,"href":"https:\/\/perfecttravelservices.es\/en\/wp-json\/wp\/v2\/comments?post=912"}],"version-history":[{"count":1,"href":"https:\/\/perfecttravelservices.es\/en\/wp-json\/wp\/v2\/pages\/912\/revisions"}],"predecessor-version":[{"id":1004,"href":"https:\/\/perfecttravelservices.es\/en\/wp-json\/wp\/v2\/pages\/912\/revisions\/1004"}],"wp:attachment":[{"href":"https:\/\/perfecttravelservices.es\/en\/wp-json\/wp\/v2\/media?parent=912"}],"curies":[{"name":"wp","href":"https:\/\/api.w.org\/{rel}","templated":true}]}}