{"id":910,"date":"2021-11-01T18:48:16","date_gmt":"2021-11-01T18:48:16","guid":{"rendered":"https:\/\/perfecttravelservices.es\/aviso-legal-2\/"},"modified":"2021-11-08T03:15:14","modified_gmt":"2021-11-08T03:15:14","slug":"legal-warning-2","status":"publish","type":"page","link":"https:\/\/perfecttravelservices.es\/en\/legal-warning-2\/","title":{"rendered":"Legal warning"},"content":{"rendered":"\n<p>Aviso Legal<\/p>\n\n\n\n<ol class=\"wp-block-list\"><li><strong>Datos Identificativos<\/strong><br>La Web www.perfecttravel.es (en adelante la Web), es titularidad de Perfect Travel Services (en adelante,<br>EL TITULAR), con C.I.F. provisional n\u00fam. F &#8211; 16902520 y con domicilio social en C\/ Gordal, 26 \u2013 casa 63,<br>41928 Palomares del R\u00edo, Sevilla, y e-mail de contacto info@perfecttravelservices.es .<\/li><li><strong>Usuarios<\/strong><br>El acceso y\/o uso de la Web atribuye la condici\u00f3n de USUARIO, que acepta, desde dicho acceso y\/o uso, las<br>Condiciones Generales de Uso aqu\u00ed reflejadas.<br>En cualquier momento, el USUARIO podr\u00e1 guardar o imprimir este Aviso Legal.<\/li><li><strong>Uso de www.perfecttravelservices.es y Propiedad de la Informaci\u00f3n<\/strong><br>Todos los contenidos de esta Web (textos, fotograf\u00edas, gr\u00e1ficos, im\u00e1genes, tecnolog\u00eda, software, links,<br>contenidos audiovisuales, dise\u00f1o gr\u00e1fico, c\u00f3digo fuente, etc.), as\u00ed como las marcas y dem\u00e1s signos<br>distintivos, son propiedad de EL TITULAR, no adquiriendo el USUARIO ning\u00fan derecho sobre ellos por el<br>mero uso de esta Web.<br>Queda prohibido cualquier uso de esta Web que tenga como finalidad o produzca como resultado la lesi\u00f3n de<br>bienes, derechos o intereses de EL TITULAR, de sus socios, clientes, proveedores o de terceros. Queda<br>igualmente prohibido realizar cualquier uso de esta Web que altere, da\u00f1e o inutilice las redes, servidores,<br>equipos, productos y programas inform\u00e1ticos de EL TITULAR, de sus socios, clientes, proveedores o de<br>terceros.<br>El usuario, deber\u00e1 abstenerse de:<br>a) reproducir, copiar, distribuir, poner a disposici\u00f3n de terceros, comunicar p\u00fablicamente, transformar o<br>modificar los contenidos de esta Web, salvo en los casos contemplados en la ley o expresamente<br>autorizados por EL TITULAR o por el titular de dichos derechos;<br>b) reproducir o copiar para uso privado el software o las bases de datos existentes en esta Web, as\u00ed como<br>comunicarlos p\u00fablicamente o ponerlos a disposici\u00f3n de terceros cuando ello conlleve su reproducci\u00f3n;<br>c) extraer o reutilizar la totalidad o una parte sustancial de los contenidos integrantes de esta Web. En<br>cualquier caso, se except\u00faa de lo anterior la utilizaci\u00f3n o reproducci\u00f3n de contenidos o bases de datos que<br>sea expresamente autorizada por EL TITULAR.<br>El USUARIO que quiera introducir enlaces a esta Web debe cumplir las condiciones siguientes:<br>a) no podr\u00e1n establecerse frames o marcos de cualquier tipo que rodeen la Web o permitan visualizarla a<br>trav\u00e9s de direcciones de Internet distintas o conjuntamente con contenidos ajenos a esta Web, de forma que<br>produzca, o pueda producir, error o confusi\u00f3n en los usuarios sobre la procedencia del servicio o su<br>contenido, implique un acto de comparaci\u00f3n o imitaci\u00f3n desleal, sirva para aprovechar la reputaci\u00f3n, marca y<br>prestigio de EL TITULAR o sus clientes o se haga de cualquier otro modo que est\u00e9 prohibido por la Ley;<br>b) desde la p\u00e1gina que realice el enlace no podr\u00e1 efectuarse ning\u00fan tipo de manifestaci\u00f3n falsa o inexacta<br>sobre EL TITULAR, sobre la calidad de sus servicios o sobre sus proveedores, empleados o clientes;<\/li><\/ol>\n\n\n\n<p>c) El remitente no podr\u00e1 utilizar la marca o cualquier otro signo distintivo de EL TITULAR dentro de su p\u00e1gina<br>Web, salvo en los casos autorizados por la ley o permitidos expresamente por EL TITULAR;<br>d) la p\u00e1gina que establezca el enlace deber\u00e1 observar la legalidad vigente y no podr\u00e1 disponer de o enlazar<br>con contenidos il\u00edcitos, nocivos, contrarios a la moral y a las buenas costumbres, que produzcan o puedan<br>producir la falsa idea de que EL TITULAR respalda o apoya las ideas, manifestaciones o actuaciones del<br>remitente o que resulten inadecuados en relaci\u00f3n con la actividad desarrollada por EL TITULAR y sus<br>usuarios y\/o clientes, teniendo en cuenta los contenidos y la tem\u00e1tica general de la p\u00e1gina Web donde se<br>establezca el enlace. Esta Web puede incluir dispositivos t\u00e9cnicos de enlace que permiten al usuario acceder<br>a otras p\u00e1ginas de Internet (enlaces). EL TITULAR no conoce los contenidos y servicios de los enlaces y por<br>tanto no se hace responsable por los da\u00f1os derivados de su falta de calidad, desactualizaci\u00f3n,<br>indisponibilidad, error, inutilidad o ilegalidad y no responde de las manifestaciones realizadas o de los<br>contenidos o servicios proporcionados a trav\u00e9s de ellos. Si cualquier USUARIO tuviera conocimiento de que<br>los enlaces remiten a p\u00e1ginas cuyos contenidos o servicios sean il\u00edcitos, nocivos, denigrantes, violentos o<br>inmorales, podr\u00e1 ponerse en contacto con EL TITULAR indic\u00e1ndolo.<\/p>\n\n\n\n<ol class=\"wp-block-list\" start=\"4\"><li><strong>Pol\u00edtica de Cookies<\/strong><br>EL TITULAR por su propia cuenta o la de un tercero contratado para prestaci\u00f3n de servicios de medici\u00f3n,<br>pueden utilizar cookies cuando el usuario navega por el sitio web. Las cookies son ficheros enviados al<br>navegador por medio de un servicio web con la finalidad de registrar las actividades del usuario durante su<br>tiempo de navegaci\u00f3n.<br>Las cookies utilizadas se asocian \u00fanicamente con un usuario an\u00f3nimo y su ordenador, y no proporcionan por<br>s\u00ed mismas los datos personales del usuario.<br>Mediante el uso de las cookies resulta posible que el servidor donde se encuentra la web reconozca el<br>navegador web utilizado por el usuario con la finalidad de que la navegaci\u00f3n sea m\u00e1s sencilla. Se utilizan<br>tambi\u00e9n para medir la audiencia y par\u00e1metros del tr\u00e1fico, controlar el proceso y n\u00famero de entradas.<br>El usuario tiene la posibilidad de configurar su navegador para ser avisado de la recepci\u00f3n de cookies y para<br>impedir su instalaci\u00f3n en su equipo. Por favor consulte las instrucciones y manuales de su navegador para<br>ampliar esta informaci\u00f3n.<br>En todo caso las cookies tienen un car\u00e1cter temporal con la \u00fanica finalidad de hacer m\u00e1s eficaz su<br>transmisi\u00f3n ulterior. En ning\u00fan caso se utilizar\u00e1 cookies para recoger informaci\u00f3n de car\u00e1cter personal.<\/li><li><strong>Modificaciones<\/strong><br>El presente Aviso Legal se rige \u00edntegramente por la legislaci\u00f3n espa\u00f1ola. El USUARIO se compromete a<br>hacer un uso correcto de esta Web de conformidad con la Ley, con el presente Aviso Legal, as\u00ed como con las<br>dem\u00e1s condiciones, reglamentos e instrucciones que, en su caso, pudieran ser de aplicaci\u00f3n.<br>EL TITULAR podr\u00e1 modificar en cualquier momento las condiciones aqu\u00ed determinadas, siendo debidamente<br>publicadas como aqu\u00ed aparecen. La vigencia de las citadas condiciones ir\u00e1 en funci\u00f3n de su exposici\u00f3n y<br>estar\u00e1n vigentes hasta que sean modificadas por otras debidamente publicadas.<\/li><\/ol>\n","protected":false},"excerpt":{"rendered":"<p>Aviso Legal Datos IdentificativosLa Web www.perfecttravel.es (en adelante la Web), es titularidad de Perfect Travel Services (en adelante,EL TITULAR), con C.I.F. provisional n\u00fam. F &#8211; 16902520 y con domicilio social en C\/ Gordal, 26 \u2013 casa 63,41928 Palomares del R\u00edo, Sevilla, y e-mail de contacto info@perfecttravelservices.es . UsuariosEl acceso y\/o uso de la Web atribuye [&hellip;]<\/p>\n","protected":false},"author":2,"featured_media":0,"parent":0,"menu_order":0,"comment_status":"closed","ping_status":"closed","template":"","meta":{"_et_pb_use_builder":"off","_et_pb_old_content":"","_et_gb_content_width":"","_joinchat":[],"footnotes":""},"class_list":["post-910","page","type-page","status-publish","hentry"],"yoast_head":"<!-- This site is optimized with the Yoast SEO plugin v23.5 - https:\/\/yoast.com\/wordpress\/plugins\/seo\/ -->\n<title>Legal warning | Perfect Travel Services<\/title>\n<meta name=\"robots\" content=\"index, follow, max-snippet:-1, max-image-preview:large, max-video-preview:-1\" \/>\n<link rel=\"canonical\" href=\"https:\/\/perfecttravelservices.es\/en\/legal-warning-2\/\" \/>\n<meta property=\"og:locale\" content=\"en_US\" \/>\n<meta property=\"og:type\" content=\"article\" \/>\n<meta property=\"og:title\" content=\"Legal warning | Perfect Travel Services\" \/>\n<meta property=\"og:description\" content=\"Aviso Legal Datos IdentificativosLa Web www.perfecttravel.es (en adelante la Web), es titularidad de Perfect Travel Services (en adelante,EL TITULAR), con C.I.F. provisional n\u00fam. F &#8211; 16902520 y con domicilio social en C\/ Gordal, 26 \u2013 casa 63,41928 Palomares del R\u00edo, Sevilla, y e-mail de contacto info@perfecttravelservices.es . UsuariosEl acceso y\/o uso de la Web atribuye [&hellip;]\" \/>\n<meta property=\"og:url\" content=\"https:\/\/perfecttravelservices.es\/en\/legal-warning-2\/\" \/>\n<meta property=\"og:site_name\" content=\"Perfect Travel Services\" \/>\n<meta property=\"article:modified_time\" content=\"2021-11-08T03:15:14+00:00\" \/>\n<meta name=\"twitter:card\" content=\"summary_large_image\" \/>\n<meta name=\"twitter:label1\" content=\"Est. reading time\" \/>\n\t<meta name=\"twitter:data1\" content=\"5 minutes\" \/>\n<script type=\"application\/ld+json\" class=\"yoast-schema-graph\">{\"@context\":\"https:\/\/schema.org\",\"@graph\":[{\"@type\":\"WebPage\",\"@id\":\"https:\/\/perfecttravelservices.es\/en\/legal-warning-2\/\",\"url\":\"https:\/\/perfecttravelservices.es\/en\/legal-warning-2\/\",\"name\":\"Legal warning | Perfect Travel Services\",\"isPartOf\":{\"@id\":\"https:\/\/perfecttravelservices.es\/en\/#website\"},\"datePublished\":\"2021-11-01T18:48:16+00:00\",\"dateModified\":\"2021-11-08T03:15:14+00:00\",\"breadcrumb\":{\"@id\":\"https:\/\/perfecttravelservices.es\/en\/legal-warning-2\/#breadcrumb\"},\"inLanguage\":\"en-US\",\"potentialAction\":[{\"@type\":\"ReadAction\",\"target\":[\"https:\/\/perfecttravelservices.es\/en\/legal-warning-2\/\"]}]},{\"@type\":\"BreadcrumbList\",\"@id\":\"https:\/\/perfecttravelservices.es\/en\/legal-warning-2\/#breadcrumb\",\"itemListElement\":[{\"@type\":\"ListItem\",\"position\":1,\"name\":\"Portada\",\"item\":\"https:\/\/perfecttravelservices.es\/en\/\"},{\"@type\":\"ListItem\",\"position\":2,\"name\":\"Legal warning\"}]},{\"@type\":\"WebSite\",\"@id\":\"https:\/\/perfecttravelservices.es\/en\/#website\",\"url\":\"https:\/\/perfecttravelservices.es\/en\/\",\"name\":\"Perfect Travel Services\",\"description\":\"Outsourcing comercial con cobertura en Espa\u00f1a y Portugal de empresas tur\u00edsticas p\u00fablicas y privadas del MUNDO.\",\"publisher\":{\"@id\":\"https:\/\/perfecttravelservices.es\/en\/#organization\"},\"potentialAction\":[{\"@type\":\"SearchAction\",\"target\":{\"@type\":\"EntryPoint\",\"urlTemplate\":\"https:\/\/perfecttravelservices.es\/en\/?s={search_term_string}\"},\"query-input\":{\"@type\":\"PropertyValueSpecification\",\"valueRequired\":true,\"valueName\":\"search_term_string\"}}],\"inLanguage\":\"en-US\"},{\"@type\":\"Organization\",\"@id\":\"https:\/\/perfecttravelservices.es\/en\/#organization\",\"name\":\"Perfect Travel Services\",\"url\":\"https:\/\/perfecttravelservices.es\/en\/\",\"logo\":{\"@type\":\"ImageObject\",\"inLanguage\":\"en-US\",\"@id\":\"https:\/\/perfecttravelservices.es\/en\/#\/schema\/logo\/image\/\",\"url\":\"https:\/\/perfecttravelservices.es\/wp-content\/uploads\/2021\/10\/cropped-Logo-borrador-PTS.png\",\"contentUrl\":\"https:\/\/perfecttravelservices.es\/wp-content\/uploads\/2021\/10\/cropped-Logo-borrador-PTS.png\",\"width\":512,\"height\":512,\"caption\":\"Perfect Travel Services\"},\"image\":{\"@id\":\"https:\/\/perfecttravelservices.es\/en\/#\/schema\/logo\/image\/\"}}]}<\/script>\n<!-- \/ Yoast SEO plugin. -->","yoast_head_json":{"title":"Legal warning | Perfect Travel Services","robots":{"index":"index","follow":"follow","max-snippet":"max-snippet:-1","max-image-preview":"max-image-preview:large","max-video-preview":"max-video-preview:-1"},"canonical":"https:\/\/perfecttravelservices.es\/en\/legal-warning-2\/","og_locale":"en_US","og_type":"article","og_title":"Legal warning | Perfect Travel Services","og_description":"Aviso Legal Datos IdentificativosLa Web www.perfecttravel.es (en adelante la Web), es titularidad de Perfect Travel Services (en adelante,EL TITULAR), con C.I.F. provisional n\u00fam. F &#8211; 16902520 y con domicilio social en C\/ Gordal, 26 \u2013 casa 63,41928 Palomares del R\u00edo, Sevilla, y e-mail de contacto info@perfecttravelservices.es . UsuariosEl acceso y\/o uso de la Web atribuye [&hellip;]","og_url":"https:\/\/perfecttravelservices.es\/en\/legal-warning-2\/","og_site_name":"Perfect Travel Services","article_modified_time":"2021-11-08T03:15:14+00:00","twitter_card":"summary_large_image","twitter_misc":{"Est. reading time":"5 minutes"},"schema":{"@context":"https:\/\/schema.org","@graph":[{"@type":"WebPage","@id":"https:\/\/perfecttravelservices.es\/en\/legal-warning-2\/","url":"https:\/\/perfecttravelservices.es\/en\/legal-warning-2\/","name":"Legal warning | Perfect Travel Services","isPartOf":{"@id":"https:\/\/perfecttravelservices.es\/en\/#website"},"datePublished":"2021-11-01T18:48:16+00:00","dateModified":"2021-11-08T03:15:14+00:00","breadcrumb":{"@id":"https:\/\/perfecttravelservices.es\/en\/legal-warning-2\/#breadcrumb"},"inLanguage":"en-US","potentialAction":[{"@type":"ReadAction","target":["https:\/\/perfecttravelservices.es\/en\/legal-warning-2\/"]}]},{"@type":"BreadcrumbList","@id":"https:\/\/perfecttravelservices.es\/en\/legal-warning-2\/#breadcrumb","itemListElement":[{"@type":"ListItem","position":1,"name":"Portada","item":"https:\/\/perfecttravelservices.es\/en\/"},{"@type":"ListItem","position":2,"name":"Legal warning"}]},{"@type":"WebSite","@id":"https:\/\/perfecttravelservices.es\/en\/#website","url":"https:\/\/perfecttravelservices.es\/en\/","name":"Perfect Travel Services","description":"Outsourcing comercial con cobertura en Espa\u00f1a y Portugal de empresas tur\u00edsticas p\u00fablicas y privadas del MUNDO.","publisher":{"@id":"https:\/\/perfecttravelservices.es\/en\/#organization"},"potentialAction":[{"@type":"SearchAction","target":{"@type":"EntryPoint","urlTemplate":"https:\/\/perfecttravelservices.es\/en\/?s={search_term_string}"},"query-input":{"@type":"PropertyValueSpecification","valueRequired":true,"valueName":"search_term_string"}}],"inLanguage":"en-US"},{"@type":"Organization","@id":"https:\/\/perfecttravelservices.es\/en\/#organization","name":"Perfect Travel Services","url":"https:\/\/perfecttravelservices.es\/en\/","logo":{"@type":"ImageObject","inLanguage":"en-US","@id":"https:\/\/perfecttravelservices.es\/en\/#\/schema\/logo\/image\/","url":"https:\/\/perfecttravelservices.es\/wp-content\/uploads\/2021\/10\/cropped-Logo-borrador-PTS.png","contentUrl":"https:\/\/perfecttravelservices.es\/wp-content\/uploads\/2021\/10\/cropped-Logo-borrador-PTS.png","width":512,"height":512,"caption":"Perfect Travel Services"},"image":{"@id":"https:\/\/perfecttravelservices.es\/en\/#\/schema\/logo\/image\/"}}]}},"_links":{"self":[{"href":"https:\/\/perfecttravelservices.es\/en\/wp-json\/wp\/v2\/pages\/910"}],"collection":[{"href":"https:\/\/perfecttravelservices.es\/en\/wp-json\/wp\/v2\/pages"}],"about":[{"href":"https:\/\/perfecttravelservices.es\/en\/wp-json\/wp\/v2\/types\/page"}],"author":[{"embeddable":true,"href":"https:\/\/perfecttravelservices.es\/en\/wp-json\/wp\/v2\/users\/2"}],"replies":[{"embeddable":true,"href":"https:\/\/perfecttravelservices.es\/en\/wp-json\/wp\/v2\/comments?post=910"}],"version-history":[{"count":1,"href":"https:\/\/perfecttravelservices.es\/en\/wp-json\/wp\/v2\/pages\/910\/revisions"}],"predecessor-version":[{"id":1005,"href":"https:\/\/perfecttravelservices.es\/en\/wp-json\/wp\/v2\/pages\/910\/revisions\/1005"}],"wp:attachment":[{"href":"https:\/\/perfecttravelservices.es\/en\/wp-json\/wp\/v2\/media?parent=910"}],"curies":[{"name":"wp","href":"https:\/\/api.w.org\/{rel}","templated":true}]}}