{"id":1580,"date":"2022-02-23T19:55:09","date_gmt":"2022-02-23T19:55:09","guid":{"rendered":"https:\/\/perfecttravelservices.es\/news\/"},"modified":"2022-02-23T20:14:42","modified_gmt":"2022-02-23T20:14:42","slug":"news","status":"publish","type":"page","link":"https:\/\/perfecttravelservices.es\/en\/news\/","title":{"rendered":"News"},"content":{"rendered":"<p>[et_pb_section fb_built=&#8221;1&#8243; custom_padding_last_edited=&#8221;on|tablet&#8221; admin_label=&#8221;Blog&#8221; _builder_version=&#8221;3.22&#8243; background_color=&#8221;#f4f4f4&#8243; custom_padding=&#8221;110px||70px|&#8221; custom_padding_tablet=&#8221;60px||0px|&#8221; custom_padding_phone=&#8221;&#8221; global_colors_info=&#8221;{}&#8221;][et_pb_row custom_padding_last_edited=&#8221;on|phone&#8221; admin_label=&#8221;Blog Title&#8221; _builder_version=&#8221;3.25&#8243; background_size=&#8221;initial&#8221; background_position=&#8221;top_left&#8221; background_repeat=&#8221;repeat&#8221; custom_padding=&#8221;30px|0px|120px|0px&#8221; custom_padding_tablet=&#8221;0px||0px|&#8221; custom_padding_phone=&#8221;&#8221; global_colors_info=&#8221;{}&#8221;][et_pb_column type=&#8221;4_4&#8243; _builder_version=&#8221;3.25&#8243; custom_padding=&#8221;|||&#8221; global_colors_info=&#8221;{}&#8221; custom_padding__hover=&#8221;|||&#8221;][et_pb_text admin_label=&#8221;Look Inside Title&#8221; _builder_version=&#8221;4.13.0&#8243; text_font=&#8221;||||&#8221; text_text_color=&#8221;#1a1a1a&#8221; header_font=&#8221;Oswald|on||on|&#8221; header_text_align=&#8221;center&#8221; header_font_size=&#8221;60px&#8221; header_line_height=&#8221;1.3em&#8221; background_size=&#8221;initial&#8221; background_position=&#8221;top_left&#8221; background_repeat=&#8221;repeat&#8221; max_width=&#8221;74%&#8221; module_alignment=&#8221;center&#8221; custom_margin=&#8221;|||&#8221; custom_padding=&#8221;|||&#8221; animation_style=&#8221;slide&#8221; animation_direction=&#8221;top&#8221; animation_intensity_slide=&#8221;10%&#8221; locked=&#8221;off&#8221; global_colors_info=&#8221;{}&#8221;]<\/p>\n<h1>Latest News<\/h1>\n<div class=\"et_pb_module et_pb_text et_pb_text_3 et_pb_text_align_center et_pb_bg_layout_light et_had_animation\">\n<div class=\"et_pb_text_inner\">\n<h2 center=\"\">Would you like to stay up to date with our news &amp; events?<\/h2>\n<p><span>In this section you will find invitations to webinars, new collaboration deals or even the chance to win a ticket to attend a Far Trip.<\/span><\/p>\n<p><span>Who knows!<\/span><\/p>\n<\/div>\n<\/div>\n<p>[\/et_pb_text][et_pb_divider color=&#8221;#ed4441&#8243; divider_position=&#8221;center&#8221; divider_weight=&#8221;3px&#8221; disabled_on=&#8221;on|on|off%22&#8243; _builder_version=&#8221;3.2&#8243; max_width=&#8221;150px&#8221; module_alignment=&#8221;center&#8221; height=&#8221;false&#8221; custom_margin=&#8221;30px|||&#8221; animation_style=&#8221;slide&#8221; animation_direction=&#8221;top&#8221; animation_delay=&#8221;100ms&#8221; animation_intensity_slide=&#8221;10%&#8221; locked=&#8221;off&#8221; global_colors_info=&#8221;{}&#8221;][\/et_pb_divider][\/et_pb_column][\/et_pb_row][et_pb_row admin_label=&#8221;Posts&#8221; _builder_version=&#8221;3.25&#8243; background_size=&#8221;initial&#8221; background_position=&#8221;top_left&#8221; background_repeat=&#8221;repeat&#8221; custom_padding=&#8221;|||&#8221; global_colors_info=&#8221;{}&#8221;][et_pb_column type=&#8221;4_4&#8243; _builder_version=&#8221;3.25&#8243; custom_padding=&#8221;|||&#8221; global_colors_info=&#8221;{}&#8221; custom_padding__hover=&#8221;|||&#8221;][et_pb_blog fullwidth=&#8221;off&#8221; posts_number=&#8221;1000&#8243; include_categories=&#8221;25&#8243; show_more=&#8221;on&#8221; show_author=&#8221;off&#8221; show_categories=&#8221;off&#8221; show_pagination=&#8221;off&#8221; masonry_tile_background_color=&#8221;#ffffff&#8221; _builder_version=&#8221;4.13.0&#8243; header_font=&#8221;Oswald|on||on|&#8221; header_text_color=&#8221;#1a1a1a&#8221; header_font_size=&#8221;24px&#8221; header_line_height=&#8221;1.3em&#8221; body_font=&#8221;Roboto||||&#8221; body_line_height=&#8221;1.9em&#8221; meta_font=&#8221;Roboto||||&#8221; meta_text_color=&#8221;rgba(0,0,0,0.3)&#8221; meta_font_size=&#8221;14px&#8221; animation_style=&#8221;fade&#8221; border_width_all=&#8221;0px&#8221; border_color_all=&#8221;#eaeaea&#8221; border_style_all=&#8221;solid&#8221; border_width_all_fullwidth=&#8221;0px&#8221; border_color_all_fullwidth=&#8221;#eaeaea&#8221; border_style_all_fullwidth=&#8221;solid&#8221; use_border_color=&#8221;on&#8221; border_color=&#8221;#eaeaea&#8221; border_width=&#8221;0px&#8221; global_colors_info=&#8221;{}&#8221;][\/et_pb_blog][\/et_pb_column][\/et_pb_row][\/et_pb_section][et_pb_section fb_built=&#8221;1&#8243; admin_label=&#8221;Newsletter&#8221; module_id=&#8221;contacto&#8221; _builder_version=&#8221;4.13.0&#8243; background_color=&#8221;rgba(0,0,0,0.5)&#8221; background_image=&#8221;https:\/\/perfecttravelservices.es\/wp-content\/uploads\/2021\/10\/Footer-.jpg&#8221; background_blend=&#8221;color&#8221; custom_margin=&#8221;0%||||false|false&#8221; custom_padding=&#8221;5%||5%||true|false&#8221; global_module=&#8221;1287&#8243; saved_tabs=&#8221;all&#8221; locked=&#8221;off&#8221; global_colors_info=&#8221;{}&#8221;][et_pb_row column_structure=&#8221;1_2,1_2&#8243; _builder_version=&#8221;4.13.0&#8243; module_alignment=&#8221;center&#8221; custom_margin=&#8221;|||&#8221; custom_padding=&#8221;0px||0px||false|false&#8221; global_colors_info=&#8221;{}&#8221;][et_pb_column type=&#8221;1_2&#8243; _builder_version=&#8221;3.25&#8243; custom_padding=&#8221;|||&#8221; global_colors_info=&#8221;{}&#8221; custom_padding__hover=&#8221;|||&#8221;][et_pb_text admin_label=&#8221;CTA Section Subtitle&#8221; _builder_version=&#8221;4.13.0&#8243; text_font=&#8221;Roboto|on||on|&#8221; text_font_size=&#8221;24px&#8221; text_letter_spacing=&#8221;4px&#8221; header_2_font_size=&#8221;21px&#8221; background_layout=&#8221;dark&#8221; module_alignment=&#8221;center&#8221; custom_margin=&#8221;5%||||false|false&#8221; animation_style=&#8221;zoom&#8221; animation_intensity_zoom=&#8221;20%&#8221; global_colors_info=&#8221;{}&#8221;]<\/p>\n<h2 style=\"text-align: center;\"><span>DO YOU NEED HELP TO POSITION YOUR BRAND IN TRAVEL AGENCIES?<\/span><\/h2>\n<p>[\/et_pb_text][et_pb_text _builder_version=&#8221;4.13.0&#8243; _module_preset=&#8221;default&#8221; text_text_color=&#8221;#FFFFFF&#8221; text_font_size=&#8221;20px&#8221; custom_margin=&#8221;1%||2.8%||false|false&#8221; global_colors_info=&#8221;{}&#8221;]<\/p>\n<p style=\"text-align: center;\"><span>DO YOU NEED HELP TO POSITION YOUR BRAND IN TRAVEL AGENCIES? <\/span><\/p>\n<p style=\"text-align: center;\"><span>If you want to see your sales taking flight. Make sure you have the best take-off runway and a five star service 5 &#x2b50;. <\/span><\/p>\n<p style=\"text-align: center;\"><span>Leave us your contact details and we will get in touch to advise you and solve any doubts. <\/span><\/p>\n<p>[\/et_pb_text][\/et_pb_column][et_pb_column type=&#8221;1_2&#8243; _builder_version=&#8221;4.13.0&#8243; background_color=&#8221;#E09900&#8243; custom_padding=&#8221;10px|10px|10px|10px|true|true&#8221; global_colors_info=&#8221;{}&#8221; custom_padding__hover=&#8221;|||&#8221;][et_pb_contact_form email=&#8221;info@perfecttravelservices.es&#8221; success_message=&#8221;You will receive an answer soon.&#8221; submit_button_text=&#8221;Get in touch&#8221; _builder_version=&#8221;4.13.0&#8243; _module_preset=&#8221;default&#8221; custom_button=&#8221;on&#8221; button_text_color=&#8221;#FFFFFF&#8221; button_bg_color=&#8221;#E02B20&#8243; button_border_width=&#8221;0px&#8221; global_colors_info=&#8221;{}&#8221;][et_pb_contact_field field_id=&#8221;Name&#8221; field_title=&#8221;Name&#8221; _builder_version=&#8221;3.16&#8243; global_colors_info=&#8221;{}&#8221; button_text_size__hover_enabled=&#8221;off&#8221; button_one_text_size__hover_enabled=&#8221;off&#8221; button_two_text_size__hover_enabled=&#8221;off&#8221; button_text_color__hover_enabled=&#8221;off&#8221; button_one_text_color__hover_enabled=&#8221;off&#8221; button_two_text_color__hover_enabled=&#8221;off&#8221; button_border_width__hover_enabled=&#8221;off&#8221; button_one_border_width__hover_enabled=&#8221;off&#8221; button_two_border_width__hover_enabled=&#8221;off&#8221; button_border_color__hover_enabled=&#8221;off&#8221; button_one_border_color__hover_enabled=&#8221;off&#8221; button_two_border_color__hover_enabled=&#8221;off&#8221; button_border_radius__hover_enabled=&#8221;off&#8221; button_one_border_radius__hover_enabled=&#8221;off&#8221; button_two_border_radius__hover_enabled=&#8221;off&#8221; button_letter_spacing__hover_enabled=&#8221;off&#8221; button_one_letter_spacing__hover_enabled=&#8221;off&#8221; button_two_letter_spacing__hover_enabled=&#8221;off&#8221; button_bg_color__hover_enabled=&#8221;off&#8221; button_one_bg_color__hover_enabled=&#8221;off&#8221; button_two_bg_color__hover_enabled=&#8221;off&#8221;][\/et_pb_contact_field][et_pb_contact_field field_id=&#8221;Email&#8221; field_title=&#8221;Email Address&#8221; field_type=&#8221;email&#8221; _builder_version=&#8221;3.16&#8243; global_colors_info=&#8221;{}&#8221; button_text_size__hover_enabled=&#8221;off&#8221; button_one_text_size__hover_enabled=&#8221;off&#8221; button_two_text_size__hover_enabled=&#8221;off&#8221; button_text_color__hover_enabled=&#8221;off&#8221; button_one_text_color__hover_enabled=&#8221;off&#8221; button_two_text_color__hover_enabled=&#8221;off&#8221; button_border_width__hover_enabled=&#8221;off&#8221; button_one_border_width__hover_enabled=&#8221;off&#8221; button_two_border_width__hover_enabled=&#8221;off&#8221; button_border_color__hover_enabled=&#8221;off&#8221; button_one_border_color__hover_enabled=&#8221;off&#8221; button_two_border_color__hover_enabled=&#8221;off&#8221; button_border_radius__hover_enabled=&#8221;off&#8221; button_one_border_radius__hover_enabled=&#8221;off&#8221; button_two_border_radius__hover_enabled=&#8221;off&#8221; button_letter_spacing__hover_enabled=&#8221;off&#8221; button_one_letter_spacing__hover_enabled=&#8221;off&#8221; button_two_letter_spacing__hover_enabled=&#8221;off&#8221; button_bg_color__hover_enabled=&#8221;off&#8221; button_one_bg_color__hover_enabled=&#8221;off&#8221; button_two_bg_color__hover_enabled=&#8221;off&#8221;][\/et_pb_contact_field][et_pb_contact_field field_id=&#8221;Contact_Person&#8221; field_title=&#8221;Contact person&#8221; required_mark=&#8221;off&#8221; fullwidth_field=&#8221;on&#8221; _builder_version=&#8221;4.13.0&#8243; _module_preset=&#8221;default&#8221; global_colors_info=&#8221;{}&#8221;][\/et_pb_contact_field][et_pb_contact_field field_id=&#8221;Telephone_number&#8221; field_title=&#8221;Telephone number&#8221; fullwidth_field=&#8221;on&#8221; _builder_version=&#8221;4.13.0&#8243; _module_preset=&#8221;default&#8221; global_colors_info=&#8221;{}&#8221;][\/et_pb_contact_field][et_pb_contact_field field_id=&#8221;Message&#8221; field_title=&#8221;Message&#8221; field_type=&#8221;text&#8221; required_mark=&#8221;off&#8221; fullwidth_field=&#8221;on&#8221; _builder_version=&#8221;4.13.0&#8243; global_colors_info=&#8221;{}&#8221; button_text_size__hover_enabled=&#8221;off&#8221; button_one_text_size__hover_enabled=&#8221;off&#8221; button_two_text_size__hover_enabled=&#8221;off&#8221; button_text_color__hover_enabled=&#8221;off&#8221; button_one_text_color__hover_enabled=&#8221;off&#8221; button_two_text_color__hover_enabled=&#8221;off&#8221; button_border_width__hover_enabled=&#8221;off&#8221; button_one_border_width__hover_enabled=&#8221;off&#8221; button_two_border_width__hover_enabled=&#8221;off&#8221; button_border_color__hover_enabled=&#8221;off&#8221; button_one_border_color__hover_enabled=&#8221;off&#8221; button_two_border_color__hover_enabled=&#8221;off&#8221; button_border_radius__hover_enabled=&#8221;off&#8221; button_one_border_radius__hover_enabled=&#8221;off&#8221; button_two_border_radius__hover_enabled=&#8221;off&#8221; button_letter_spacing__hover_enabled=&#8221;off&#8221; button_one_letter_spacing__hover_enabled=&#8221;off&#8221; button_two_letter_spacing__hover_enabled=&#8221;off&#8221; button_bg_color__hover_enabled=&#8221;off&#8221; button_one_bg_color__hover_enabled=&#8221;off&#8221; button_two_bg_color__hover_enabled=&#8221;off&#8221;][\/et_pb_contact_field][et_pb_contact_field field_id=&#8221;Data_protection_policy&#8221; field_title=&#8221;Data protection policy&#8221; field_type=&#8221;checkbox&#8221; checkbox_options=&#8221;%91{%22value%22:%22I have read and accept the Data Protection Policy. %22,%22checked%22:0,%22dragID%22:-1,%22link_text%22:%22More info here%22,%22link_url%22:%22https:\/\/perfecttravelservices.es\/en\/aviso-legal\/%22}%93&#8243; fullwidth_field=&#8221;on&#8221; _builder_version=&#8221;4.13.0&#8243; _module_preset=&#8221;default&#8221; global_colors_info=&#8221;{}&#8221;][\/et_pb_contact_field][\/et_pb_contact_form][\/et_pb_column][\/et_pb_row][\/et_pb_section]<\/p>\n","protected":false},"excerpt":{"rendered":"<p>Latest News Would you like to stay up to date with our news &amp; events? In this section you will find invitations to webinars, new collaboration deals or even the chance to win a ticket to attend a Far Trip. Who knows! DO YOU NEED HELP TO POSITION YOUR BRAND IN TRAVEL AGENCIES?DO YOU NEED [&hellip;]<\/p>\n","protected":false},"author":3,"featured_media":872,"parent":0,"menu_order":0,"comment_status":"closed","ping_status":"closed","template":"","meta":{"_et_pb_use_builder":"on","_et_pb_old_content":"","_et_gb_content_width":"","_joinchat":[],"footnotes":""},"class_list":["post-1580","page","type-page","status-publish","has-post-thumbnail","hentry"],"yoast_head":"<!-- This site is optimized with the Yoast SEO plugin v23.5 - https:\/\/yoast.com\/wordpress\/plugins\/seo\/ -->\n<title>News | Perfect Travel Services<\/title>\n<meta name=\"robots\" content=\"index, follow, max-snippet:-1, max-image-preview:large, max-video-preview:-1\" \/>\n<link rel=\"canonical\" href=\"https:\/\/perfecttravelservices.es\/en\/news\/\" \/>\n<meta property=\"og:locale\" content=\"en_US\" \/>\n<meta property=\"og:type\" content=\"article\" \/>\n<meta property=\"og:title\" content=\"News | Perfect Travel Services\" \/>\n<meta property=\"og:description\" content=\"Latest News Would you like to stay up to date with our news &amp; events? In this section you will find invitations to webinars, new collaboration deals or even the chance to win a ticket to attend a Far Trip. Who knows! DO YOU NEED HELP TO POSITION YOUR BRAND IN TRAVEL AGENCIES?DO YOU NEED [&hellip;]\" \/>\n<meta property=\"og:url\" content=\"https:\/\/perfecttravelservices.es\/en\/news\/\" \/>\n<meta property=\"og:site_name\" content=\"Perfect Travel Services\" \/>\n<meta property=\"article:modified_time\" content=\"2022-02-23T20:14:42+00:00\" \/>\n<meta name=\"twitter:card\" content=\"summary_large_image\" \/>\n<meta name=\"twitter:label1\" content=\"Est. reading time\" \/>\n\t<meta name=\"twitter:data1\" content=\"7 minutes\" \/>\n<script type=\"application\/ld+json\" class=\"yoast-schema-graph\">{\"@context\":\"https:\/\/schema.org\",\"@graph\":[{\"@type\":\"WebPage\",\"@id\":\"https:\/\/perfecttravelservices.es\/en\/news\/\",\"url\":\"https:\/\/perfecttravelservices.es\/en\/news\/\",\"name\":\"News | Perfect Travel Services\",\"isPartOf\":{\"@id\":\"https:\/\/perfecttravelservices.es\/en\/#website\"},\"primaryImageOfPage\":{\"@id\":\"https:\/\/perfecttravelservices.es\/en\/news\/#primaryimage\"},\"image\":{\"@id\":\"https:\/\/perfecttravelservices.es\/en\/news\/#primaryimage\"},\"thumbnailUrl\":\"https:\/\/perfecttravelservices.es\/wp-content\/uploads\/2021\/10\/servicios-perfect-travel-services.jpg\",\"datePublished\":\"2022-02-23T19:55:09+00:00\",\"dateModified\":\"2022-02-23T20:14:42+00:00\",\"breadcrumb\":{\"@id\":\"https:\/\/perfecttravelservices.es\/en\/news\/#breadcrumb\"},\"inLanguage\":\"en-US\",\"potentialAction\":[{\"@type\":\"ReadAction\",\"target\":[\"https:\/\/perfecttravelservices.es\/en\/news\/\"]}]},{\"@type\":\"ImageObject\",\"inLanguage\":\"en-US\",\"@id\":\"https:\/\/perfecttravelservices.es\/en\/news\/#primaryimage\",\"url\":\"https:\/\/perfecttravelservices.es\/wp-content\/uploads\/2021\/10\/servicios-perfect-travel-services.jpg\",\"contentUrl\":\"https:\/\/perfecttravelservices.es\/wp-content\/uploads\/2021\/10\/servicios-perfect-travel-services.jpg\",\"width\":1280,\"height\":600},{\"@type\":\"BreadcrumbList\",\"@id\":\"https:\/\/perfecttravelservices.es\/en\/news\/#breadcrumb\",\"itemListElement\":[{\"@type\":\"ListItem\",\"position\":1,\"name\":\"Portada\",\"item\":\"https:\/\/perfecttravelservices.es\/en\/\"},{\"@type\":\"ListItem\",\"position\":2,\"name\":\"News\"}]},{\"@type\":\"WebSite\",\"@id\":\"https:\/\/perfecttravelservices.es\/en\/#website\",\"url\":\"https:\/\/perfecttravelservices.es\/en\/\",\"name\":\"Perfect Travel Services\",\"description\":\"Outsourcing comercial con cobertura en Espa\u00f1a y Portugal de empresas tur\u00edsticas p\u00fablicas y privadas del MUNDO.\",\"publisher\":{\"@id\":\"https:\/\/perfecttravelservices.es\/en\/#organization\"},\"potentialAction\":[{\"@type\":\"SearchAction\",\"target\":{\"@type\":\"EntryPoint\",\"urlTemplate\":\"https:\/\/perfecttravelservices.es\/en\/?s={search_term_string}\"},\"query-input\":{\"@type\":\"PropertyValueSpecification\",\"valueRequired\":true,\"valueName\":\"search_term_string\"}}],\"inLanguage\":\"en-US\"},{\"@type\":\"Organization\",\"@id\":\"https:\/\/perfecttravelservices.es\/en\/#organization\",\"name\":\"Perfect Travel Services\",\"url\":\"https:\/\/perfecttravelservices.es\/en\/\",\"logo\":{\"@type\":\"ImageObject\",\"inLanguage\":\"en-US\",\"@id\":\"https:\/\/perfecttravelservices.es\/en\/#\/schema\/logo\/image\/\",\"url\":\"https:\/\/perfecttravelservices.es\/wp-content\/uploads\/2021\/10\/cropped-Logo-borrador-PTS.png\",\"contentUrl\":\"https:\/\/perfecttravelservices.es\/wp-content\/uploads\/2021\/10\/cropped-Logo-borrador-PTS.png\",\"width\":512,\"height\":512,\"caption\":\"Perfect Travel Services\"},\"image\":{\"@id\":\"https:\/\/perfecttravelservices.es\/en\/#\/schema\/logo\/image\/\"}}]}<\/script>\n<!-- \/ Yoast SEO plugin. -->","yoast_head_json":{"title":"News | Perfect Travel Services","robots":{"index":"index","follow":"follow","max-snippet":"max-snippet:-1","max-image-preview":"max-image-preview:large","max-video-preview":"max-video-preview:-1"},"canonical":"https:\/\/perfecttravelservices.es\/en\/news\/","og_locale":"en_US","og_type":"article","og_title":"News | Perfect Travel Services","og_description":"Latest News Would you like to stay up to date with our news &amp; events? In this section you will find invitations to webinars, new collaboration deals or even the chance to win a ticket to attend a Far Trip. Who knows! DO YOU NEED HELP TO POSITION YOUR BRAND IN TRAVEL AGENCIES?DO YOU NEED [&hellip;]","og_url":"https:\/\/perfecttravelservices.es\/en\/news\/","og_site_name":"Perfect Travel Services","article_modified_time":"2022-02-23T20:14:42+00:00","twitter_card":"summary_large_image","twitter_misc":{"Est. reading time":"7 minutes"},"schema":{"@context":"https:\/\/schema.org","@graph":[{"@type":"WebPage","@id":"https:\/\/perfecttravelservices.es\/en\/news\/","url":"https:\/\/perfecttravelservices.es\/en\/news\/","name":"News | Perfect Travel Services","isPartOf":{"@id":"https:\/\/perfecttravelservices.es\/en\/#website"},"primaryImageOfPage":{"@id":"https:\/\/perfecttravelservices.es\/en\/news\/#primaryimage"},"image":{"@id":"https:\/\/perfecttravelservices.es\/en\/news\/#primaryimage"},"thumbnailUrl":"https:\/\/perfecttravelservices.es\/wp-content\/uploads\/2021\/10\/servicios-perfect-travel-services.jpg","datePublished":"2022-02-23T19:55:09+00:00","dateModified":"2022-02-23T20:14:42+00:00","breadcrumb":{"@id":"https:\/\/perfecttravelservices.es\/en\/news\/#breadcrumb"},"inLanguage":"en-US","potentialAction":[{"@type":"ReadAction","target":["https:\/\/perfecttravelservices.es\/en\/news\/"]}]},{"@type":"ImageObject","inLanguage":"en-US","@id":"https:\/\/perfecttravelservices.es\/en\/news\/#primaryimage","url":"https:\/\/perfecttravelservices.es\/wp-content\/uploads\/2021\/10\/servicios-perfect-travel-services.jpg","contentUrl":"https:\/\/perfecttravelservices.es\/wp-content\/uploads\/2021\/10\/servicios-perfect-travel-services.jpg","width":1280,"height":600},{"@type":"BreadcrumbList","@id":"https:\/\/perfecttravelservices.es\/en\/news\/#breadcrumb","itemListElement":[{"@type":"ListItem","position":1,"name":"Portada","item":"https:\/\/perfecttravelservices.es\/en\/"},{"@type":"ListItem","position":2,"name":"News"}]},{"@type":"WebSite","@id":"https:\/\/perfecttravelservices.es\/en\/#website","url":"https:\/\/perfecttravelservices.es\/en\/","name":"Perfect Travel Services","description":"Outsourcing comercial con cobertura en Espa\u00f1a y Portugal de empresas tur\u00edsticas p\u00fablicas y privadas del MUNDO.","publisher":{"@id":"https:\/\/perfecttravelservices.es\/en\/#organization"},"potentialAction":[{"@type":"SearchAction","target":{"@type":"EntryPoint","urlTemplate":"https:\/\/perfecttravelservices.es\/en\/?s={search_term_string}"},"query-input":{"@type":"PropertyValueSpecification","valueRequired":true,"valueName":"search_term_string"}}],"inLanguage":"en-US"},{"@type":"Organization","@id":"https:\/\/perfecttravelservices.es\/en\/#organization","name":"Perfect Travel Services","url":"https:\/\/perfecttravelservices.es\/en\/","logo":{"@type":"ImageObject","inLanguage":"en-US","@id":"https:\/\/perfecttravelservices.es\/en\/#\/schema\/logo\/image\/","url":"https:\/\/perfecttravelservices.es\/wp-content\/uploads\/2021\/10\/cropped-Logo-borrador-PTS.png","contentUrl":"https:\/\/perfecttravelservices.es\/wp-content\/uploads\/2021\/10\/cropped-Logo-borrador-PTS.png","width":512,"height":512,"caption":"Perfect Travel Services"},"image":{"@id":"https:\/\/perfecttravelservices.es\/en\/#\/schema\/logo\/image\/"}}]}},"_links":{"self":[{"href":"https:\/\/perfecttravelservices.es\/en\/wp-json\/wp\/v2\/pages\/1580"}],"collection":[{"href":"https:\/\/perfecttravelservices.es\/en\/wp-json\/wp\/v2\/pages"}],"about":[{"href":"https:\/\/perfecttravelservices.es\/en\/wp-json\/wp\/v2\/types\/page"}],"author":[{"embeddable":true,"href":"https:\/\/perfecttravelservices.es\/en\/wp-json\/wp\/v2\/users\/3"}],"replies":[{"embeddable":true,"href":"https:\/\/perfecttravelservices.es\/en\/wp-json\/wp\/v2\/comments?post=1580"}],"version-history":[{"count":10,"href":"https:\/\/perfecttravelservices.es\/en\/wp-json\/wp\/v2\/pages\/1580\/revisions"}],"predecessor-version":[{"id":1628,"href":"https:\/\/perfecttravelservices.es\/en\/wp-json\/wp\/v2\/pages\/1580\/revisions\/1628"}],"wp:featuredmedia":[{"embeddable":true,"href":"https:\/\/perfecttravelservices.es\/en\/wp-json\/wp\/v2\/media\/872"}],"wp:attachment":[{"href":"https:\/\/perfecttravelservices.es\/en\/wp-json\/wp\/v2\/media?parent=1580"}],"curies":[{"name":"wp","href":"https:\/\/api.w.org\/{rel}","templated":true}]}}